{"id":23,"date":"2019-02-02T13:10:11","date_gmt":"2019-02-02T12:10:11","guid":{"rendered":"http:\/\/ospzabratowka.ostnet.pl\/?page_id=23"},"modified":"2019-09-02T12:20:19","modified_gmt":"2019-09-02T10:20:19","slug":"kontakt","status":"publish","type":"page","link":"https:\/\/ospzabratowka.ostnet.pl\/?page_id=23","title":{"rendered":"Kontakt"},"content":{"rendered":"\n<blockquote class=\"wp-block-quote is-layout-flow wp-block-quote-is-layout-flow\"><p> Adres:<br> Zabrat\u00f3wka 41<br> 36-017 B\u0142\u0119dowa Tyczy\u0144ska<\/p><p>osp.zabratowka@gmail.com<br> \u00a0<br> KRS 0000015326 <br> NIP: 813-319-35-45\u00a0\u00a0\u00a0\u00a0\u00a0\u00a0\u00a0\u00a0 <br> REGON 691533592<br> \u00a0\u00a0\u00a0\u00a0\u00a0\u00a0\u00a0\u00a0\u00a0\u00a0\u00a0\u00a0\u00a0\u00a0\u00a0 <br> KONTO: \u00a0\u00a0 56 9164 1018 2002 2000 0765  0001 <\/p><\/blockquote>\n","protected":false},"excerpt":{"rendered":"<p>Adres: Zabrat\u00f3wka 41 36-017 B\u0142\u0119dowa Tyczy\u0144ska osp.zabratowka@gmail.com \u00a0 KRS 0000015326 NIP: 813-319-35-45\u00a0\u00a0\u00a0\u00a0\u00a0\u00a0\u00a0\u00a0 REGON 691533592 \u00a0\u00a0\u00a0\u00a0\u00a0\u00a0\u00a0\u00a0\u00a0\u00a0\u00a0\u00a0\u00a0\u00a0\u00a0 KONTO: \u00a0\u00a0 56 9164 1018 2002 2000 0765 0001<\/p>\n","protected":false},"author":1,"featured_media":0,"parent":0,"menu_order":0,"comment_status":"closed","ping_status":"closed","template":"","meta":{"footnotes":""},"class_list":["post-23","page","type-page","status-publish","hentry"],"_links":{"self":[{"href":"https:\/\/ospzabratowka.ostnet.pl\/index.php?rest_route=\/wp\/v2\/pages\/23","targetHints":{"allow":["GET"]}}],"collection":[{"href":"https:\/\/ospzabratowka.ostnet.pl\/index.php?rest_route=\/wp\/v2\/pages"}],"about":[{"href":"https:\/\/ospzabratowka.ostnet.pl\/index.php?rest_route=\/wp\/v2\/types\/page"}],"author":[{"embeddable":true,"href":"https:\/\/ospzabratowka.ostnet.pl\/index.php?rest_route=\/wp\/v2\/users\/1"}],"replies":[{"embeddable":true,"href":"https:\/\/ospzabratowka.ostnet.pl\/index.php?rest_route=%2Fwp%2Fv2%2Fcomments&post=23"}],"version-history":[{"count":3,"href":"https:\/\/ospzabratowka.ostnet.pl\/index.php?rest_route=\/wp\/v2\/pages\/23\/revisions"}],"predecessor-version":[{"id":62,"href":"https:\/\/ospzabratowka.ostnet.pl\/index.php?rest_route=\/wp\/v2\/pages\/23\/revisions\/62"}],"wp:attachment":[{"href":"https:\/\/ospzabratowka.ostnet.pl\/index.php?rest_route=%2Fwp%2Fv2%2Fmedia&parent=23"}],"curies":[{"name":"wp","href":"https:\/\/api.w.org\/{rel}","templated":true}]}}